{"id":12,"date":"2022-08-30T09:03:51","date_gmt":"2022-08-30T09:03:51","guid":{"rendered":"https:\/\/dulcineachocolate.es\/?page_id=12"},"modified":"2024-01-04T13:55:03","modified_gmt":"2024-01-04T11:55:03","slug":"productos","status":"publish","type":"page","link":"https:\/\/dulcineachocolate.es\/fr\/productos\/","title":{"rendered":"Produits"},"content":{"rendered":"<div class=\"vc_row wpb_row vc_row-fluid vc_custom_1668411546310 vc_row-has-fill eltdf-content-aligment-center eltdf-row-type-row\" style=\"\"><div class=\"wpb_column vc_column_container vc_col-sm-12\"><div class=\"vc_column-inner\"><div class=\"wpb_wrapper\"><div class=\"eltdf-row-grid-section\"><div class=\"vc_row wpb_row vc_inner vc_row-fluid eltdf-content-aligment-center\"><div class=\"wpb_column vc_column_container vc_col-sm-12\"><div class=\"vc_column-inner\"><div class=\"wpb_wrapper\">\n\t<div class=\"wpb_raw_code wpb_content_element wpb_raw_html\" >\n\t\t<div class=\"wpb_wrapper\">\n\t\t\t<div\n  style=\"    display: flex;    flex-direction: column;    align-items: center;    justify-content: center;    gap: 5%;  \"\n>\n  <h2\n    style=\"      text-align: center;      font-family: 'UniformExtraCondensed';      font-size: 64px;      line-height: 150%;      text-align: center;      font-weight: 700;      color: #E40421;    \"\n  >\n    Produits\n  <\/h2>\n<\/div>\n<p\n  style=\"    font-family: 'UniformExtraCondensed';    font-style: normal;    font-weight: 400;    font-size: 26px;    line-height: 150%;    text-align: center;    color: #000000;    margin-bottom: 2rem;  \"\n>\n  C'est quoi Dulcinea ? Bien plus qu'une simple cr\u00e8me, c'est un moment \u00e0 savourer en famille. <\/br>\n  Retrouvez toute notre vari\u00e9t\u00e9 de produits !\n<\/p>\n\n\t\t<\/div>\n\t<\/div>\n<\/div><\/div><\/div><\/div><\/div><\/div><\/div><\/div><\/div><div class=\"vc_row wpb_row vc_row-fluid vc_custom_1680597082185 vc_row-has-fill eltdf-row-type-row\" style=\"\"><div class=\"wpb_column vc_column_container vc_col-sm-12\"><div class=\"vc_column-inner\"><div class=\"wpb_wrapper\">\n\t<div  class=\"wpb_single_image wpb_content_element vc_align_center\">\n\t\t\n\t\t<figure class=\"wpb_wrapper vc_figure\">\n\t\t\t<div class=\"vc_single_image-wrapper   vc_box_border_grey\"><img loading=\"lazy\" decoding=\"async\" width=\"5760\" height=\"2548\" src=\"https:\/\/dulcineachocolate.es\/wp-content\/uploads\/2023\/02\/AA-5.png\" class=\"vc_single_image-img attachment-full\" alt=\"\" srcset=\"https:\/\/dulcineachocolate.es\/wp-content\/uploads\/2023\/02\/AA-5.png 5760w, https:\/\/dulcineachocolate.es\/wp-content\/uploads\/2023\/02\/AA-5-300x133.png 300w, https:\/\/dulcineachocolate.es\/wp-content\/uploads\/2023\/02\/AA-5-1024x453.png 1024w, https:\/\/dulcineachocolate.es\/wp-content\/uploads\/2023\/02\/AA-5-768x340.png 768w, https:\/\/dulcineachocolate.es\/wp-content\/uploads\/2023\/02\/AA-5-1536x679.png 1536w\" sizes=\"auto, (max-width: 5760px) 100vw, 5760px\" \/><\/div>\n\t\t<\/figure>\n\t<\/div>\n<div class=\"vc_row wpb_row vc_inner vc_row-fluid eltdf-content-aligment-center\"><div class=\"wpb_column vc_column_container vc_col-sm-12\"><div class=\"vc_column-inner\"><div class=\"wpb_wrapper\"><a itemprop=\"url\" href=\"https:\/\/www.tienda.lacasa.es\/\" target=\"_blank\" style=\"color: #b31e19;background-color: #ffffff;font-size: 22px;font-weight: 400\" class=\"eltdf-btn eltdf-btn-medium eltdf-btn-solid eltdf-btn-animation eltd-button-rounded uniform displayNone\" rel=\"noopener\">\n    <span class=\"eltdf-btn-text\">\n    VOIR TOUS LES PRODUITS        \t<span class=\"eltdf-btn-bottom-line\"><\/span>\n    \t<span class=\"eltdf-btn-upper-line\"><\/span>\n        <\/span>\n    <\/a><\/div><\/div><\/div><\/div><\/div><\/div><\/div><\/div><div class=\"vc_row wpb_row vc_row-fluid eltdf-row-type-row\" style=\"\">D\u00e9sol\u00e9, aucun article ne correspond \u00e0 vos crit\u00e8res.<div class=\"wpb_column vc_column_container vc_col-sm-3\"><div class=\"vc_column-inner\"><div class=\"wpb_wrapper\"><div class=\"eltdf-portfolio-list-holder eltdf-pl-gallery eltdf-pl-three-columns eltdf-pl-normal-space eltdf-pl-info-on-image-hover eltdf-pl-hover-slide-from-image-bottom\"  data-next-page=\"2\" data-type=\"gallery\" data-number-of-columns=\"3\" data-space-between-items=\"normal\" data-number-of-items=\"-1\" data-image-proportions=\"full\" data-order-by=\"date\" data-order=\"ASC\" data-info-position=\"on-image-hover\" data-image-hover-type1=\"slide-from-image-bottom\" data-disable-title=\"no\" data-title-tag=\"h4\" data-disable-category=\"no\" data-disable-excerpt=\"yes\" data-excerpt-length=\"20\" data-enable-variable-width=\"no\" data-pagination=\"yes\" data-max-num-pages=\"0\"><div class=\"eltdf-pl-inner clearfix\"><p><\/p><\/div><\/div><\/div><\/div><\/div><div class=\"wpb_column vc_column_container vc_col-sm-3\"><div class=\"vc_column-inner\"><div class=\"wpb_wrapper\"><\/div><\/div><\/div><div class=\"wpb_column vc_column_container vc_col-sm-3\"><div class=\"vc_column-inner\"><div class=\"wpb_wrapper\"><\/div><\/div><\/div><div class=\"wpb_column vc_column_container vc_col-sm-3\"><div class=\"vc_column-inner\"><div class=\"wpb_wrapper\"><\/div><\/div><\/div><\/div>","protected":false},"excerpt":{"rendered":"Produits Qu&#039;est-ce que Dulcinea ? Bien plus qu&#039;une simple cr\u00e8me, c&#039;est un moment de partage en famille. D\u00e9couvrez toute notre gamme de produits ! VOIR TOUS LES PRODUITS D\u00e9sol\u00e9, aucun article ne correspond \u00e0 vos crit\u00e8res.","protected":false},"author":1,"featured_media":0,"parent":0,"menu_order":0,"comment_status":"closed","ping_status":"closed","template":"full-width.php","meta":{"footnotes":""},"class_list":["post-12","page","type-page","status-publish","hentry"],"_links":{"self":[{"href":"https:\/\/dulcineachocolate.es\/fr\/wp-json\/wp\/v2\/pages\/12","targetHints":{"allow":["GET"]}}],"collection":[{"href":"https:\/\/dulcineachocolate.es\/fr\/wp-json\/wp\/v2\/pages"}],"about":[{"href":"https:\/\/dulcineachocolate.es\/fr\/wp-json\/wp\/v2\/types\/page"}],"author":[{"embeddable":true,"href":"https:\/\/dulcineachocolate.es\/fr\/wp-json\/wp\/v2\/users\/1"}],"replies":[{"embeddable":true,"href":"https:\/\/dulcineachocolate.es\/fr\/wp-json\/wp\/v2\/comments?post=12"}],"version-history":[{"count":105,"href":"https:\/\/dulcineachocolate.es\/fr\/wp-json\/wp\/v2\/pages\/12\/revisions"}],"predecessor-version":[{"id":1924,"href":"https:\/\/dulcineachocolate.es\/fr\/wp-json\/wp\/v2\/pages\/12\/revisions\/1924"}],"wp:attachment":[{"href":"https:\/\/dulcineachocolate.es\/fr\/wp-json\/wp\/v2\/media?parent=12"}],"curies":[{"name":"wp","href":"https:\/\/api.w.org\/{rel}","templated":true}]}}