{"id":8,"date":"2022-08-30T09:03:25","date_gmt":"2022-08-30T09:03:25","guid":{"rendered":"https:\/\/dulcineachocolate.es\/?page_id=8"},"modified":"2023-06-23T11:18:05","modified_gmt":"2023-06-23T11:18:05","slug":"mundo_dulcinea","status":"publish","type":"page","link":"https:\/\/dulcineachocolate.es\/fr\/mundo_dulcinea\/","title":{"rendered":"Dulcinea monde"},"content":{"rendered":"<div class=\"vc_row wpb_row vc_row-fluid no-bg-mobile vc_custom_1681105960593 vc_row-has-fill eltdf-content-aligment-center eltdf-row-type-row\" style=\"\"><div class=\"wpb_column vc_column_container vc_col-sm-12\"><div class=\"vc_column-inner\"><div class=\"wpb_wrapper\">\n\t<div class=\"wpb_raw_code wpb_content_element wpb_raw_html\" >\n\t\t<div class=\"wpb_wrapper\">\n\t\t\t<div\n  style=\"    display: flex;    flex-direction: row;    align-items: center;    justify-content: center;    gap: 5%;    font-family: 'UniformExtraCondensed';  \"\n>\n  <h2\n    style=\"      text-align: center;      font-family: 'UniformExtraCondensed';      font-size: 64px;      line-height: 150%;      text-align: center;      font-weight: 700;      color: #E40421;    \"\n  >\n    Dulcinea monde\n  <\/h2>\n<\/div>\n<p\n  style=\"    font-family: 'UniformExtraCondensed';    font-style: normal;    font-weight: 400;    font-size: 26px;    line-height: 150%;    text-align: center;    color: #000000;    margin-bottom: 2rem;  \"\n>\n  Nous vous invitons \u00e0 faire un tour \u00e0 travers nos origines, et bien d&#039;autres curiosit\u00e9s.<br \/> Pouvez-vous venir avec nous ?\n<\/p>\n\n\t\t<\/div>\n\t<\/div>\n<\/div><\/div><\/div><\/div><div class=\"vc_row wpb_row vc_row-fluid mobile-no-bg vc_custom_1681451174824 vc_row-has-fill eltdf-content-aligment-center eltdf-row-type-row\" style=\"\"><div class=\"wpb_column vc_column_container vc_col-sm-12\"><div class=\"vc_column-inner\"><div class=\"wpb_wrapper\">\n\t<div  class=\"wpb_single_image wpb_content_element vc_align_center\">\n\t\t\n\t\t<figure class=\"wpb_wrapper vc_figure\">\n\t\t\t<div class=\"vc_single_image-wrapper   vc_box_border_grey\"><img loading=\"lazy\" decoding=\"async\" width=\"714\" height=\"26\" src=\"https:\/\/dulcineachocolate.es\/wp-content\/uploads\/2023\/04\/Rectangle-22.png\" class=\"vc_single_image-img attachment-full\" alt=\"\" srcset=\"https:\/\/dulcineachocolate.es\/wp-content\/uploads\/2023\/04\/Rectangle-22.png 714w, https:\/\/dulcineachocolate.es\/wp-content\/uploads\/2023\/04\/Rectangle-22-300x11.png 300w, https:\/\/dulcineachocolate.es\/wp-content\/uploads\/2023\/04\/Rectangle-22-18x1.png 18w\" sizes=\"auto, (max-width: 714px) 100vw, 714px\" \/><\/div>\n\t\t<\/figure>\n\t<\/div>\n<div class=\"vc_row wpb_row vc_inner vc_row-fluid maxScreen\"><div class=\"wpb_column vc_column_container vc_col-sm-6\"><div class=\"vc_column-inner\"><div class=\"wpb_wrapper\">\n\t<div  class=\"wpb_single_image wpb_content_element vc_align_left\">\n\t\t\n\t\t<figure class=\"wpb_wrapper vc_figure\">\n\t\t\t<div class=\"vc_single_image-wrapper   vc_box_border_grey\"><img loading=\"lazy\" decoding=\"async\" width=\"253\" height=\"300\" src=\"https:\/\/dulcineachocolate.es\/wp-content\/uploads\/2023\/02\/fotos-1-253x300.png\" class=\"vc_single_image-img attachment-medium\" alt=\"\" srcset=\"https:\/\/dulcineachocolate.es\/wp-content\/uploads\/2023\/02\/fotos-1-253x300.png 253w, https:\/\/dulcineachocolate.es\/wp-content\/uploads\/2023\/02\/fotos-1.png 318w\" sizes=\"auto, (max-width: 253px) 100vw, 253px\" \/><\/div>\n\t\t<\/figure>\n\t<\/div>\n<\/div><\/div><\/div><div class=\"wpb_column vc_column_container vc_col-sm-6\"><div class=\"vc_column-inner\"><div class=\"wpb_wrapper\">\n\t<div class=\"wpb_text_column wpb_content_element\" >\n\t\t<div class=\"wpb_wrapper\">\n\t\t\t<h3 style=\"font-weight: bold; font-size: 30px; color: #e40421; display: flex; align-items: center; font-family: 'UniformExtraCondensed';\">LES ORIGINES<\/h3>\n<p style=\"text-align: justify; font-family: 'UniformExtraCondensed';\"><span style=\"font-weight: 400; font-size: 22px; color: black; text-align: justify !important;\"><b>LACASA<\/b>, notre maison, a \u00e9t\u00e9 fond\u00e9e \u00e0 Jaca (Huesca) par Antonio Lacasa en<br \/>\n1852. D\u00e8s le d\u00e9but, il se consacre \u00e0 la vente de chocolat qu&#039;il fabrique lui-m\u00eame.<br \/>\nEn 1928, 500 kilos de chocolat de quatre vari\u00e9t\u00e9s \u00e9taient produits quotidiennement : un<br \/>\nla tasse, avec des amandes hach\u00e9es, sup\u00e9rieur et extra sup\u00e9rieur. LACASA plus tard<br \/>\ns&#039;installe \u00e0 Saragosse, o\u00f9 il se sp\u00e9cialise dans la fabrication de nougat<br \/>\npour les p\u00e2tisseries, les chocolats artisanaux et surtout le nougat de<br \/>\nchocolat aux amandes.<\/span><\/p>\n\n\t\t<\/div>\n\t<\/div>\n<\/div><\/div><\/div><\/div><div class=\"vc_empty_space\"   style=\"height: 32px\"><span class=\"vc_empty_space_inner\"><\/span><\/div><div class=\"vc_row wpb_row vc_inner vc_row-fluid maxScreen\"><div class=\"wpb_column vc_column_container vc_col-sm-6\"><div class=\"vc_column-inner\"><div class=\"wpb_wrapper\">\n\t<div class=\"wpb_text_column wpb_content_element\" >\n\t\t<div class=\"wpb_wrapper\">\n\t\t\t<h3 style=\"font-weight: bold; font-size: 30px; color: #e40421; display: flex; align-items: center; font-family: 'UniformExtraCondensed'; justify-content: end;\">LACASA ACQUIERT IBERCACAO<\/h3>\n<p style=\"text-align: right; font-family: 'UniformExtraCondensed';\"><span style=\"font-weight: 400; font-size: 22px; color: black; text-align: right !important;\">Grupo Lacasa acquiert la soci\u00e9t\u00e9 Ibercacao, fabricant de Dulcinea, avec le<br \/>\nafin de consolider sa position sur le march\u00e9 de la confiserie, d&#039;un<br \/>\nplus international dans le but d&#039;atteindre l&#039;Afrique.<\/span><\/p>\n\n\t\t<\/div>\n\t<\/div>\n<\/div><\/div><\/div><div class=\"wpb_column vc_column_container vc_col-sm-6\"><div class=\"vc_column-inner\"><div class=\"wpb_wrapper\">\n\t<div  class=\"wpb_single_image wpb_content_element vc_align_left\">\n\t\t\n\t\t<figure class=\"wpb_wrapper vc_figure\">\n\t\t\t<div class=\"vc_single_image-wrapper   vc_box_border_grey\"><img loading=\"lazy\" decoding=\"async\" width=\"300\" height=\"104\" src=\"https:\/\/dulcineachocolate.es\/wp-content\/uploads\/2023\/06\/LOGOTIPO-CORPORATIVO-LACASA-1-tinta-4625-plano_ACTUAL-1-1-300x104.png\" class=\"vc_single_image-img attachment-medium\" alt=\"\" srcset=\"https:\/\/dulcineachocolate.es\/wp-content\/uploads\/2023\/06\/LOGOTIPO-CORPORATIVO-LACASA-1-tinta-4625-plano_ACTUAL-1-1-300x104.png 300w, https:\/\/dulcineachocolate.es\/wp-content\/uploads\/2023\/06\/LOGOTIPO-CORPORATIVO-LACASA-1-tinta-4625-plano_ACTUAL-1-1-18x6.png 18w, https:\/\/dulcineachocolate.es\/wp-content\/uploads\/2023\/06\/LOGOTIPO-CORPORATIVO-LACASA-1-tinta-4625-plano_ACTUAL-1-1.png 515w\" sizes=\"auto, (max-width: 300px) 100vw, 300px\" \/><\/div>\n\t\t<\/figure>\n\t<\/div>\n<\/div><\/div><\/div><\/div><div class=\"vc_empty_space\"   style=\"height: 32px\"><span class=\"vc_empty_space_inner\"><\/span><\/div><div class=\"vc_row wpb_row vc_inner vc_row-fluid maxScreen\"><div class=\"wpb_column vc_column_container vc_col-sm-6\"><div class=\"vc_column-inner\"><div class=\"wpb_wrapper\">\n\t<div  class=\"wpb_single_image wpb_content_element vc_align_left\">\n\t\t\n\t\t<figure class=\"wpb_wrapper vc_figure\">\n\t\t\t<div class=\"vc_single_image-wrapper   vc_box_border_grey\"><img loading=\"lazy\" decoding=\"async\" width=\"235\" height=\"300\" src=\"https:\/\/dulcineachocolate.es\/wp-content\/uploads\/2023\/02\/image-27-235x300.png\" class=\"vc_single_image-img attachment-medium\" alt=\"\" srcset=\"https:\/\/dulcineachocolate.es\/wp-content\/uploads\/2023\/02\/image-27-235x300.png 235w, https:\/\/dulcineachocolate.es\/wp-content\/uploads\/2023\/02\/image-27.png 338w\" sizes=\"auto, (max-width: 235px) 100vw, 235px\" \/><\/div>\n\t\t<\/figure>\n\t<\/div>\n<\/div><\/div><\/div><div class=\"wpb_column vc_column_container vc_col-sm-6\"><div class=\"vc_column-inner\"><div class=\"wpb_wrapper\">\n\t<div class=\"wpb_text_column wpb_content_element\" >\n\t\t<div class=\"wpb_wrapper\">\n\t\t\t<h3 style=\"font-weight: bold; font-size: 30px; color: #e40421; display: flex; align-items: center; font-family: 'UniformExtraCondensed';\">LA PLUS DOUCE HISTOIRE D&#039;AMOUR<\/h3>\n<p style=\"text-align: justify; font-family: 'UniformExtraCondensed';\"><span style=\"font-weight: 400; font-size: 22px; color: black; text-align: justify !important;\">De la plus profonde admiration que Don Quichotte de la Mancha \u00e9prouvait pour son<br \/>\nbien-aim\u00e9e Dulcinea, une entreprise familiale pour la production de<br \/>\nChocolats artisanaux appel\u00e9s Dulcinea.<\/span><\/p>\n\n\t\t<\/div>\n\t<\/div>\n<\/div><\/div><\/div><\/div><div class=\"vc_empty_space\"   style=\"height: 32px\"><span class=\"vc_empty_space_inner\"><\/span><\/div><div class=\"vc_row wpb_row vc_inner vc_row-fluid maxScreen\"><div class=\"wpb_column vc_column_container vc_col-sm-6\"><div class=\"vc_column-inner\"><div class=\"wpb_wrapper\">\n\t<div class=\"wpb_text_column wpb_content_element\" >\n\t\t<div class=\"wpb_wrapper\">\n\t\t\t<h3 style=\"font-weight: bold; font-size: 30px; color: #e40421; display: flex; align-items: center; font-family: 'UniformExtraCondensed'; justify-content: end;\">DULCINEA ARRIVE EN AFRIQUE<\/h3>\n<p style=\"text-align: right; font-family: 'UniformExtraCondensed';\"><span style=\"font-weight: 400; font-size: 22px; color: black; text-align: right !important;\">Ce sont les femmes porteuses qui ont propuls\u00e9 l'arriv\u00e9e de Dulcinea<br \/>\naux confins de Ceuta et Melilla. Et c&#039;est comme \u00e7a que \u00e7a s&#039;est r\u00e9gl\u00e9, \u00e0 ce jour<br \/>\naujourd&#039;hui, \u00e0 Tanger avec pour mission de continuer \u00e0 offrir du plaisir et de l&#039;amour<br \/>\npour le chocolat \u00e0 tout le monde.<\/span><\/p>\n\n\t\t<\/div>\n\t<\/div>\n<\/div><\/div><\/div><div class=\"wpb_column vc_column_container vc_col-sm-6\"><div class=\"vc_column-inner\"><div class=\"wpb_wrapper\">\n\t<div  class=\"wpb_single_image wpb_content_element vc_align_left\">\n\t\t\n\t\t<figure class=\"wpb_wrapper vc_figure\">\n\t\t\t<div class=\"vc_single_image-wrapper   vc_box_border_grey\"><img loading=\"lazy\" decoding=\"async\" width=\"300\" height=\"300\" src=\"https:\/\/dulcineachocolate.es\/wp-content\/uploads\/2023\/02\/image-28-300x300.png\" class=\"vc_single_image-img attachment-medium\" alt=\"\" srcset=\"https:\/\/dulcineachocolate.es\/wp-content\/uploads\/2023\/02\/image-28-300x300.png 300w, https:\/\/dulcineachocolate.es\/wp-content\/uploads\/2023\/02\/image-28-150x150.png 150w, https:\/\/dulcineachocolate.es\/wp-content\/uploads\/2023\/02\/image-28.png 362w\" sizes=\"auto, (max-width: 300px) 100vw, 300px\" \/><\/div>\n\t\t<\/figure>\n\t<\/div>\n<\/div><\/div><\/div><\/div><\/div><\/div><\/div><\/div>","protected":false},"excerpt":{"rendered":"Dulcinea World. Nous vous invitons \u00e0 d\u00e9couvrir nos origines et bien d&#039;autres anecdotes int\u00e9ressantes. \u00cates-vous des n\u00f4tres\u00a0? LACASA, notre maison, a \u00e9t\u00e9 fond\u00e9e \u00e0 Jaca (Huesca) par Antonio Lacasa en 1852. D\u00e8s le d\u00e9but, elle s&#039;est consacr\u00e9e \u00e0 la vente de chocolat, qu&#039;il a lui-m\u00eame [...]","protected":false},"author":1,"featured_media":0,"parent":0,"menu_order":0,"comment_status":"closed","ping_status":"closed","template":"full-width.php","meta":{"footnotes":""},"class_list":["post-8","page","type-page","status-publish","hentry"],"_links":{"self":[{"href":"https:\/\/dulcineachocolate.es\/fr\/wp-json\/wp\/v2\/pages\/8","targetHints":{"allow":["GET"]}}],"collection":[{"href":"https:\/\/dulcineachocolate.es\/fr\/wp-json\/wp\/v2\/pages"}],"about":[{"href":"https:\/\/dulcineachocolate.es\/fr\/wp-json\/wp\/v2\/types\/page"}],"author":[{"embeddable":true,"href":"https:\/\/dulcineachocolate.es\/fr\/wp-json\/wp\/v2\/users\/1"}],"replies":[{"embeddable":true,"href":"https:\/\/dulcineachocolate.es\/fr\/wp-json\/wp\/v2\/comments?post=8"}],"version-history":[{"count":295,"href":"https:\/\/dulcineachocolate.es\/fr\/wp-json\/wp\/v2\/pages\/8\/revisions"}],"predecessor-version":[{"id":1907,"href":"https:\/\/dulcineachocolate.es\/fr\/wp-json\/wp\/v2\/pages\/8\/revisions\/1907"}],"wp:attachment":[{"href":"https:\/\/dulcineachocolate.es\/fr\/wp-json\/wp\/v2\/media?parent=8"}],"curies":[{"name":"wp","href":"https:\/\/api.w.org\/{rel}","templated":true}]}}